{"id":14,"date":"2017-02-28T11:09:20","date_gmt":"2017-02-28T11:09:20","guid":{"rendered":"https:\/\/geoex.ee\/?page_id=14"},"modified":"2017-03-01T12:13:19","modified_gmt":"2017-03-01T10:13:19","slug":"teenused","status":"publish","type":"page","link":"https:\/\/geoex.ee\/ru\/teenused\/","title":{"rendered":"TEENUSED"},"content":{"rendered":"<ol>\n<li>\n<h4><strong>TOPO- GEODEETILISED M\u00d5\u00d5DISTUST\u00d6\u00d6D:<\/strong><\/h4>\n<p><em>(geodeetiliste alusplaanide koostamine(M1:500\/2000), tehnov\u00f5rkude uurimine, tehnov\u00f5rkude valdajatega koosk\u00f5lastamine)<\/em><\/li>\n<li>\n<h4><strong>EHITUSJ\u00c4RGSED TEOSTUSM\u00d5\u00d5DISTUSED:\u00a0<\/strong><\/h4>\n<p><em>(ehitise kasutusluba on kohaliku omavalitsuse n\u00f5usolek, et valminud ehitis v\u00f5i selle osa vastab ehitisele etten\u00e4htud n\u00f5uetele ja seda v\u00f5ib kasutada vastavalt kavandatud kasutamise otstarbele)<\/em><\/li>\n<li>\n<h4><strong>EHITUSGEODEETILISED T\u00d6\u00d6D\/ M\u00c4RKIMIST\u00d6\u00d6D:<\/strong><\/h4>\n<p><em>(hoone telgede\/vundamentide, teede(\u00e4\u00e4rekivi, liiv, killustik, asfalt) ja ehitatavate tehnov\u00f5rkude(k\u00fctte, gaas, elekter, vesi, kanal)- projektij\u00e4rgse asukoha maham\u00e4rkimine ja kontrollm\u00f5\u00f5distamine)<\/em><\/li>\n<li>\n<h4><strong>MAHTUDE ARVUTUS:<\/strong><\/h4>\n<p><em>(kaeve- ja mullat\u00f6\u00f6de mahtude arvutus)<\/em><\/li>\n<li>\n<h4><strong>KATASTRIT\u00d6\u00d6D:<\/strong><\/h4>\n<p><em>(piirim\u00e4rkide taastamine looduses)<\/em><\/p>\n<p><span style=\"color: #000000;\">M\u00f5\u00f5distamist\u00f6\u00f6d tehakse koosk\u00f5las Majandus- ja taristuministri 14. Aprilli \u00a0<\/span><span style=\"color: #000000;\">2016.a. m\u00e4\u00e4rusega nr. 34: \u201cTopo-Geodeetiliste uuringute ja teostusm\u00f5\u00f5distamiste tegemise kord\u201d ja\u00a0<\/span><span style=\"color: #000000;\">Tallinna Linnavalitsuse <\/span><span style=\"color: #000000;\">27. Mai 2009.a. m\u00e4\u00e4rusega nr. 52 \u201cGeodeetiliste m\u00f5\u00f5distus- ja uurimist\u00f6\u00f6de\u00a0<\/span><span style=\"color: #000000;\">tegemise kord\u201d.<\/span><\/li>\n<\/ol>\n","protected":false},"excerpt":{"rendered":"<p>TOPO- GEODEETILISED M\u00d5\u00d5DISTUST\u00d6\u00d6D: (geodeetiliste alusplaanide koostamine(M1:500\/2000), tehnov\u00f5rkude uurimine, tehnov\u00f5rkude valdajatega koosk\u00f5lastamine) EHITUSJ\u00c4RGSED TEOSTUSM\u00d5\u00d5DISTUSED:\u00a0 (ehitise kasutusluba on kohaliku omavalitsuse n\u00f5usolek, et valminud ehitis v\u00f5i selle osa vastab ehitisele etten\u00e4htud n\u00f5uetele ja seda v\u00f5ib kasutada vastavalt kavandatud kasutamise otstarbele) EHITUSGEODEETILISED T\u00d6\u00d6D\/ M\u00c4RKIMIST\u00d6\u00d6D: (hoone telgede\/vundamentide, teede(\u00e4\u00e4rekivi, liiv, killustik, asfalt) ja ehitatavate tehnov\u00f5rkude(k\u00fctte, gaas, elekter, vesi, kanal)- projektij\u00e4rgse asukoha &hellip; <\/p>\n<p class=\"link-more\"><a href=\"https:\/\/geoex.ee\/ru\/teenused\/\" class=\"more-link\">\u0427\u0438\u0442\u0430\u0442\u044c \u0434\u0430\u043b\u0435\u0435<span class=\"screen-reader-text\"> \u00abTEENUSED\u00bb<\/span><\/a><\/p>\n","protected":false},"author":1,"featured_media":0,"parent":0,"menu_order":0,"comment_status":"closed","ping_status":"closed","template":"","meta":{"footnotes":""},"class_list":["post-14","page","type-page","status-publish","hentry"],"_links":{"self":[{"href":"https:\/\/geoex.ee\/ru\/wp-json\/wp\/v2\/pages\/14","targetHints":{"allow":["GET"]}}],"collection":[{"href":"https:\/\/geoex.ee\/ru\/wp-json\/wp\/v2\/pages"}],"about":[{"href":"https:\/\/geoex.ee\/ru\/wp-json\/wp\/v2\/types\/page"}],"author":[{"embeddable":true,"href":"https:\/\/geoex.ee\/ru\/wp-json\/wp\/v2\/users\/1"}],"replies":[{"embeddable":true,"href":"https:\/\/geoex.ee\/ru\/wp-json\/wp\/v2\/comments?post=14"}],"version-history":[{"count":4,"href":"https:\/\/geoex.ee\/ru\/wp-json\/wp\/v2\/pages\/14\/revisions"}],"predecessor-version":[{"id":81,"href":"https:\/\/geoex.ee\/ru\/wp-json\/wp\/v2\/pages\/14\/revisions\/81"}],"wp:attachment":[{"href":"https:\/\/geoex.ee\/ru\/wp-json\/wp\/v2\/media?parent=14"}],"curies":[{"name":"wp","href":"https:\/\/api.w.org\/{rel}","templated":true}]}}