{"id":33,"date":"2017-02-28T12:45:53","date_gmt":"2017-02-28T12:45:53","guid":{"rendered":"https:\/\/geoex.ee\/?page_id=33"},"modified":"2017-03-03T12:39:05","modified_gmt":"2017-03-03T10:39:05","slug":"ettevottest","status":"publish","type":"page","link":"https:\/\/geoex.ee\/ru\/ettevottest\/","title":{"rendered":"ETTEV\u00d5TTEST"},"content":{"rendered":"<p><strong>Tere tulemast GeoEx O\u00dc kodulehele!<\/strong><\/p>\n<p>GeoEx O\u00dc on asutatud 2014 aastal.<\/p>\n<p>Oleme professionaalse t\u00f6\u00f6tajaskonnaga 100% Eesti erakapitalil tegutsev geodeetilisi t\u00f6id teostav ettev\u00f5te ning pakume terviklahendusi nii v\u00e4ike kui suurtellijale Eestis kui ka v\u00e4ljaspool.<\/p>\n<p>M\u00f5\u00f5distamiseks kasutame kaasaegseid Topcon elektrontahh\u00fcmeetreid(robotid: GPT 8205A ja QS) ja GPS-m\u00f5\u00f5teseadmeid(HiPer Pro), joonestamiseks kasutame AutoCAD tarkvara(AutoCAD 2008 ja Civil 3D 2015).<\/p>\n<p>GeoEx O\u00dc eesm\u00e4rgiks on pakkuda m\u00f5istliku hinna ja professionaalsusega kvaliteetset teenust, millega kliendid rahule j\u00e4\u00e4ksid.<\/p>\n","protected":false},"excerpt":{"rendered":"<p>Tere tulemast GeoEx O\u00dc kodulehele! GeoEx O\u00dc on asutatud 2014 aastal. Oleme professionaalse t\u00f6\u00f6tajaskonnaga 100% Eesti erakapitalil tegutsev geodeetilisi t\u00f6id teostav ettev\u00f5te ning pakume terviklahendusi nii v\u00e4ike kui suurtellijale Eestis kui ka v\u00e4ljaspool. M\u00f5\u00f5distamiseks kasutame kaasaegseid Topcon elektrontahh\u00fcmeetreid(robotid: GPT 8205A ja QS) ja GPS-m\u00f5\u00f5teseadmeid(HiPer Pro), joonestamiseks kasutame AutoCAD tarkvara(AutoCAD 2008 ja Civil 3D 2015). GeoEx &hellip; <\/p>\n<p class=\"link-more\"><a href=\"https:\/\/geoex.ee\/ru\/ettevottest\/\" class=\"more-link\">\u0427\u0438\u0442\u0430\u0442\u044c \u0434\u0430\u043b\u0435\u0435<span class=\"screen-reader-text\"> \u00abETTEV\u00d5TTEST\u00bb<\/span><\/a><\/p>\n","protected":false},"author":1,"featured_media":0,"parent":0,"menu_order":0,"comment_status":"closed","ping_status":"closed","template":"","meta":{"footnotes":""},"class_list":["post-33","page","type-page","status-publish","hentry"],"_links":{"self":[{"href":"https:\/\/geoex.ee\/ru\/wp-json\/wp\/v2\/pages\/33","targetHints":{"allow":["GET"]}}],"collection":[{"href":"https:\/\/geoex.ee\/ru\/wp-json\/wp\/v2\/pages"}],"about":[{"href":"https:\/\/geoex.ee\/ru\/wp-json\/wp\/v2\/types\/page"}],"author":[{"embeddable":true,"href":"https:\/\/geoex.ee\/ru\/wp-json\/wp\/v2\/users\/1"}],"replies":[{"embeddable":true,"href":"https:\/\/geoex.ee\/ru\/wp-json\/wp\/v2\/comments?post=33"}],"version-history":[{"count":3,"href":"https:\/\/geoex.ee\/ru\/wp-json\/wp\/v2\/pages\/33\/revisions"}],"predecessor-version":[{"id":103,"href":"https:\/\/geoex.ee\/ru\/wp-json\/wp\/v2\/pages\/33\/revisions\/103"}],"wp:attachment":[{"href":"https:\/\/geoex.ee\/ru\/wp-json\/wp\/v2\/media?parent=33"}],"curies":[{"name":"wp","href":"https:\/\/api.w.org\/{rel}","templated":true}]}}