{"id":68,"date":"2017-03-01T11:16:40","date_gmt":"2017-03-01T09:16:40","guid":{"rendered":"https:\/\/geoex.ee\/?page_id=68"},"modified":"2017-03-03T21:00:08","modified_gmt":"2017-03-03T19:00:08","slug":"toopakkumised","status":"publish","type":"page","link":"https:\/\/geoex.ee\/ru\/toopakkumised\/","title":{"rendered":"T\u00d6\u00d6PAKKUMISED"},"content":{"rendered":"<section class=\"av_textblock_section\">\n<div class=\"avia_textblock \">\n<h4><strong>SEOSES KASVAVATE T\u00d6\u00d6MAHTUDEGA OTSIME OMA MEESKONDA:<\/strong><\/h4>\n<h1 class=\"av-special-heading-tag\">Hetkel t\u00f6\u00f6pakkumisi ei ole.<\/h1>\n<\/div>\n<\/section>\n<section class=\"av_textblock_section\">\n<div class=\"avia_textblock \">\n<h4><\/h4>\n<h4>Kontaktandmed:<\/h4>\n<p>Tel:\u00a0+372 55 504 837<br \/>\nAndrei \u0160inkar<br \/>\n<a href=\"mailto:andrei.sinkar@gmail.com\">andrei.sinkar@gmail.com<\/a><\/p>\n<\/div>\n<\/section>\n","protected":false},"excerpt":{"rendered":"<p>SEOSES KASVAVATE T\u00d6\u00d6MAHTUDEGA OTSIME OMA MEESKONDA: Hetkel t\u00f6\u00f6pakkumisi ei ole. Kontaktandmed: Tel:\u00a0+372 55 504 837 Andrei \u0160inkar andrei.sinkar@gmail.com<\/p>\n","protected":false},"author":1,"featured_media":0,"parent":0,"menu_order":0,"comment_status":"closed","ping_status":"closed","template":"","meta":{"footnotes":""},"class_list":["post-68","page","type-page","status-publish","hentry"],"_links":{"self":[{"href":"https:\/\/geoex.ee\/ru\/wp-json\/wp\/v2\/pages\/68","targetHints":{"allow":["GET"]}}],"collection":[{"href":"https:\/\/geoex.ee\/ru\/wp-json\/wp\/v2\/pages"}],"about":[{"href":"https:\/\/geoex.ee\/ru\/wp-json\/wp\/v2\/types\/page"}],"author":[{"embeddable":true,"href":"https:\/\/geoex.ee\/ru\/wp-json\/wp\/v2\/users\/1"}],"replies":[{"embeddable":true,"href":"https:\/\/geoex.ee\/ru\/wp-json\/wp\/v2\/comments?post=68"}],"version-history":[{"count":7,"href":"https:\/\/geoex.ee\/ru\/wp-json\/wp\/v2\/pages\/68\/revisions"}],"predecessor-version":[{"id":105,"href":"https:\/\/geoex.ee\/ru\/wp-json\/wp\/v2\/pages\/68\/revisions\/105"}],"wp:attachment":[{"href":"https:\/\/geoex.ee\/ru\/wp-json\/wp\/v2\/media?parent=68"}],"curies":[{"name":"wp","href":"https:\/\/api.w.org\/{rel}","templated":true}]}}